{"id":12911,"date":"2024-05-16T14:21:21","date_gmt":"2024-05-16T12:21:21","guid":{"rendered":"https:\/\/arsgeotecnica.com\/?page_id=12911"},"modified":"2024-06-28T15:52:19","modified_gmt":"2024-06-28T13:52:19","slug":"estudios-geotecnicos","status":"publish","type":"page","link":"https:\/\/arsgeotecnica.com\/es\/estudios-geotecnicos\/","title":{"rendered":"Estudios geot\u00e9cnicos"},"content":{"rendered":"\t\t<div data-elementor-type=\"wp-page\" data-elementor-id=\"12911\" class=\"elementor elementor-12911 elementor-12643\">\n\t\t\t\t\t\t<section class=\"elementor-section elementor-top-section elementor-element elementor-element-7db1d6e elementor-section-boxed elementor-section-height-default elementor-section-height-default\" data-id=\"7db1d6e\" data-element_type=\"section\">\n\t\t\t\t\t\t<div class=\"elementor-container elementor-column-gap-default\">\n\t\t\t\t\t<div class=\"elementor-column elementor-col-100 elementor-top-column elementor-element elementor-element-f51518a\" data-id=\"f51518a\" data-element_type=\"column\">\n\t\t\t<div class=\"elementor-widget-wrap elementor-element-populated\">\n\t\t\t\t\t\t<div class=\"elementor-element elementor-element-20d7522 elementor-widget elementor-widget-image\" data-id=\"20d7522\" data-element_type=\"widget\" data-widget_type=\"image.default\">\n\t\t\t\t<div class=\"elementor-widget-container\">\n\t\t\t\t\t\t\t\t\t\t\t\t\t<img decoding=\"async\" src=\"https:\/\/arsgeotecnica.com\/wp-content\/uploads\/2024\/05\/Cartografia-1.jpg\" title=\"Cartografia\" alt=\"Cartografia\" loading=\"lazy\" \/>\t\t\t\t\t\t\t\t\t\t\t\t\t<\/div>\n\t\t\t\t<\/div>\n\t\t\t\t<div class=\"elementor-element elementor-element-2021deb elementor-widget elementor-widget-heading\" data-id=\"2021deb\" data-element_type=\"widget\" data-widget_type=\"heading.default\">\n\t\t\t\t<div class=\"elementor-widget-container\">\n\t\t\t<h1 class=\"elementor-heading-title elementor-size-default\">REALIZACI\u00d3N DE ESTUDIOS GEOT\u00c9CNICOS<\/h1>\t\t<\/div>\n\t\t\t\t<\/div>\n\t\t\t\t<div class=\"elementor-element elementor-element-bd68d04 poket-star-rating--align-center elementor-widget elementor-widget-witr_section_title\" data-id=\"bd68d04\" data-element_type=\"widget\" data-widget_type=\"witr_section_title.default\">\n\t\t\t\t<div class=\"elementor-widget-container\">\n\t\t\t\t\t\t\t\t<!-- title left -->\n\t\t\t\t\t<div class=\"witr_section_title\">\n\t\t\t\t\t\t<div class=\"witr_section_title_inner text-left\">\n\t\t\t\t\t\t\n\t\t\t\t\t\t\t<!-- icon position -->\n\t\t\t\t\t\t\t\t\n\t\t\t\t\t\t\t<!-- end icon position -->\n\t\t\t\t\t\t\n\t\t\t\t\t\t\n\t\t\t\t\t\t\t<!-- title top -->\n\t\t\t\t\t\t\t\n\t\t\t\t\t\t\t<!-- icon position -->\n\t\t\t\t\t\t\t\t\n\t\t\t\t\t\t\t<!-- end icon position -->\n\n\t\t\t\t\t\t\t\n\t\t\t\t\t\t\t<!-- title middle -->\n\t\t\t\t\t\t\t\t\t\t\t\t\t\t<!-- title bottom -->\n\t\t\t\t\t\t\t\t\t\t\t\t\t\t\n\t\t\t\t\t\t\t<!-- icon position -->\n\t\t\t\t\t\t\t\t\t\t\t\t\t\t\n\t\t\t\t\t\t\t<!-- image -->\n\t\t\t\t\t\t\t\t\t\t\t\t\t\t<!-- icon -->\n\t\t\t\t\t\t\t\t\t\t\t\t\t\t\n\t\t\t\t\t\t\t<!-- bar -->\n\t\t\t\t\t\t\t\t\t\t\t\t\t\t<!-- circle bar -->\n\t\t\t\t\t\t\t\t\t\t\t\t\t\t\n\t\t\t\t\t\t\t\t\n\t\t\t\t\t\t\t<!-- end icon position -->\n\n\t\t\t\t\t\t\t<!-- content -->\n\t\t\t\t\t\t\t\t\t\t\t\t\t\t\t<p>Estudios geot\u00e9cnicos para proyectos de gesti\u00f3n y planificaci\u00f3n urban\u00edstica, proyectos de edificaci\u00f3n, infraestructuras lineales, patolog\u00edas de edificios inducidas por el terreno\u2026  <\/p>\t\t\n\t\t\t\t\t\t\t\t\t\t\t\t\t<\/div>\n\t\t\t\t\t\t\t<!-- inner title -->\n\t\t\t\t\t\t\t\t\t\t\t\t\t\n\t\t\t\t\t<\/div>\t\t\t\t\n\t\t\t\t\t\t<\/div>\n\t\t\t\t<\/div>\n\t\t\t\t<div class=\"elementor-element elementor-element-ab8bf70 poket-star-rating--align-center elementor-widget elementor-widget-witr_section_title\" data-id=\"ab8bf70\" data-element_type=\"widget\" data-widget_type=\"witr_section_title.default\">\n\t\t\t\t<div class=\"elementor-widget-container\">\n\t\t\t\t\t\t\t\t<!-- title left -->\n\t\t\t\t\t<div class=\"witr_section_title\">\n\t\t\t\t\t\t<div class=\"witr_section_title_inner text-left\">\n\t\t\t\t\t\t\n\t\t\t\t\t\t\t<!-- icon position -->\n\t\t\t\t\t\t\t\t\n\t\t\t\t\t\t\t<!-- end icon position -->\n\t\t\t\t\t\t\n\t\t\t\t\t\t\n\t\t\t\t\t\t\t<!-- title top -->\n\t\t\t\t\t\t\t\t\t\t\t\t\t\t\t<h2>EXPLICACI\u00d3N DEL SERVICIO\n<\/h2>\t\t\n\t\t\t\t\t\t\t\n\t\t\t\t\t\t\t<!-- icon position -->\n\t\t\t\t\t\t\t\t\n\t\t\t\t\t\t\t<!-- end icon position -->\n\n\t\t\t\t\t\t\t\n\t\t\t\t\t\t\t<!-- title middle -->\n\t\t\t\t\t\t\t\t\t\t\t\t\t\t<!-- title bottom -->\n\t\t\t\t\t\t\t\t\t\t\t\t\t\t\n\t\t\t\t\t\t\t<!-- icon position -->\n\t\t\t\t\t\t\t\t\t\t\t\t\t\t\n\t\t\t\t\t\t\t<!-- image -->\n\t\t\t\t\t\t\t\t\t\t\t\t\t\t<!-- icon -->\n\t\t\t\t\t\t\t\t\t\t\t\t\t\t\n\t\t\t\t\t\t\t<!-- bar -->\n\t\t\t\t\t\t\t\t\t\t\t\t\t\t<!-- circle bar -->\n\t\t\t\t\t\t\t\t\t\t\t\t\t\t\n\t\t\t\t\t\t\t\t\n\t\t\t\t\t\t\t<!-- end icon position -->\n\n\t\t\t\t\t\t\t<!-- content -->\n\t\t\t\t\t\t\t\t\t\t\t\t\t\t\t<p>Damos servicio a nuestros clientes en sus necesidades de gesti\u00f3n urban\u00edstica y constructivas tanto a nivel de proyecci\u00f3n de nuevas infraestructuras, edificaciones o planeamiento urban\u00edstico como en la gesti\u00f3n de problemas derivados una vez construidos.<br>\nEl servicio incluye:<br><br>\n\u2981\tEstudios previos de caracterizaci\u00f3n geol\u00f3gica y de riesgos asociados.<br>\n\u2981\tCampa\u00f1as de  prospecci\u00f3n del subsuelo y definici\u00f3n de sus propiedades litol\u00f3gicas, geomec\u00e1nicas y hidraulicas.<br>\n\u2981\tRedacci\u00f3n de informes geot\u00e9cnicos con la caracterizaci\u00f3n del terreno enfocados a las necesidades de gesti\u00f3n del cliente<br>\n\u2981\tAsesoramiento y seguimiento de los proyectos en fase de obra.<br>\n\u2981\tRealizaci\u00f3n de peritajes geol\u00f3gicos y asistencia a procesos judiciales en calidad de perito.\n <\/p>\t\t\n\t\t\t\t\t\t\t\t\t\t\t\t\t<\/div>\n\t\t\t\t\t\t\t<!-- inner title -->\n\t\t\t\t\t\t\t\t\t\t\t\t\t\n\t\t\t\t\t<\/div>\t\t\t\t\n\t\t\t\t\t\t<\/div>\n\t\t\t\t<\/div>\n\t\t\t\t<div class=\"elementor-element elementor-element-8dc314c e-transform poket-star-rating--align-center elementor-widget elementor-widget-witr_section_ports\" data-id=\"8dc314c\" data-element_type=\"widget\" data-settings=\"{&quot;_transform_scale_effect&quot;:{&quot;unit&quot;:&quot;px&quot;,&quot;size&quot;:&quot;&quot;,&quot;sizes&quot;:[]},&quot;_transform_scale_effect_tablet&quot;:{&quot;unit&quot;:&quot;px&quot;,&quot;size&quot;:&quot;&quot;,&quot;sizes&quot;:[]},&quot;_transform_scale_effect_mobile&quot;:{&quot;unit&quot;:&quot;px&quot;,&quot;size&quot;:&quot;&quot;,&quot;sizes&quot;:[]}}\" data-widget_type=\"witr_section_ports.default\">\n\t\t\t\t<div class=\"elementor-widget-container\">\n\t\t\t\t\t\t\n\t\n\t\t<div class=\"witr_pslide all_pslides_color ps1 service_active\">\n\t\t\t<div class=\" witr_islidess_slick witr_cslide_idps5\">\n\t\t\t\t\t\t\n\t\t\t\t\t\t\t\n\t\t\t\t\t\t<div class=\"item_pos col-lg-12\">\t\n\t\t\t\t\t\t\t<div class=\"witr_single_pslide\">\t\n\t\t\t\t\t\t\t\t<div class=\"witr_pslide_image\">\n\t\t\t\t\t\t\t\t\t<img fetchpriority=\"high\" decoding=\"async\" width=\"1024\" height=\"775\" src=\"https:\/\/arsgeotecnica.com\/wp-content\/uploads\/2024\/05\/Imatge-servei-3-1024x775.jpg\" class=\"attachment-large size-large wp-image-12650\" alt=\"\" srcset=\"https:\/\/arsgeotecnica.com\/wp-content\/uploads\/2024\/05\/Imatge-servei-3-1024x775.jpg 1024w, https:\/\/arsgeotecnica.com\/wp-content\/uploads\/2024\/05\/Imatge-servei-3-300x227.jpg 300w, https:\/\/arsgeotecnica.com\/wp-content\/uploads\/2024\/05\/Imatge-servei-3-768x581.jpg 768w, https:\/\/arsgeotecnica.com\/wp-content\/uploads\/2024\/05\/Imatge-servei-3-1536x1162.jpg 1536w, https:\/\/arsgeotecnica.com\/wp-content\/uploads\/2024\/05\/Imatge-servei-3-2048x1549.jpg 2048w\" sizes=\"(max-width: 1024px) 100vw, 1024px\" \/>\t\t\t\t\t\t\t\t<\/div>\n\t\t\t\t\t\t\t\t\t\t\t\t\t\t\t\t\t\t\t\t\t\t\t\t\n\t\t\t\t\t\t\t\t<div class=\"witr_content_pslide_text\">\n\t\t\t\t\t\t\t\t\t<div class=\"witr_content_pslide\">\n\t\t\t\t\t\t\t\t\t\t<!-- title -->\n\t\t\t\t\t\t\t\t\t\t\t\t\t\t\t\t\t\t\t\t\n\t\t\t\t\t\t\t\t\t\t<!-- content -->\n\t\t\t\t\t\t\t\t\t\t\t\t\t\t\t\t\t\t\t<\/div>\n\t\t\t\t\t\t\t\t\t<!-- button -->\n\t\t\t\t\t\t\t\t\t\t\n\t\t\t\t\t\t\t\t<\/div>\t\n\t\t\t\t\t\t\t\t\n\t\t\t\t\t\t\t<\/div> \n\t\t\t\t\t\t<\/div> \n\t\t\t\t\t\t\n\t\t\t\t\t\t\n\t\t\t\t\t\t\t\n\t\t\t\t\t\t\t\n\t\t\t\t\t\t<div class=\"item_pos col-lg-12\">\t\n\t\t\t\t\t\t\t<div class=\"witr_single_pslide\">\t\n\t\t\t\t\t\t\t\t<div class=\"witr_pslide_image\">\n\t\t\t\t\t\t\t\t\t<img decoding=\"async\" width=\"1024\" height=\"660\" src=\"https:\/\/arsgeotecnica.com\/wp-content\/uploads\/2024\/05\/Cartografia-1-1024x660.jpg\" class=\"attachment-large size-large wp-image-12648\" alt=\"\" srcset=\"https:\/\/arsgeotecnica.com\/wp-content\/uploads\/2024\/05\/Cartografia-1-1024x660.jpg 1024w, https:\/\/arsgeotecnica.com\/wp-content\/uploads\/2024\/05\/Cartografia-1-300x193.jpg 300w, https:\/\/arsgeotecnica.com\/wp-content\/uploads\/2024\/05\/Cartografia-1-768x495.jpg 768w, https:\/\/arsgeotecnica.com\/wp-content\/uploads\/2024\/05\/Cartografia-1-390x250.jpg 390w, https:\/\/arsgeotecnica.com\/wp-content\/uploads\/2024\/05\/Cartografia-1.jpg 1499w\" sizes=\"(max-width: 1024px) 100vw, 1024px\" \/>\t\t\t\t\t\t\t\t<\/div>\n\t\t\t\t\t\t\t\t\t\t\t\t\t\t\t\t\t\t\t\t\t\t\t\t\n\t\t\t\t\t\t\t\t<div class=\"witr_content_pslide_text\">\n\t\t\t\t\t\t\t\t\t<div class=\"witr_content_pslide\">\n\t\t\t\t\t\t\t\t\t\t<!-- title -->\n\t\t\t\t\t\t\t\t\t\t\t\t\t\t\t\t\t\t\t\t\n\t\t\t\t\t\t\t\t\t\t<!-- content -->\n\t\t\t\t\t\t\t\t\t\t\t\t\t\t\t\t\t\t\t<\/div>\n\t\t\t\t\t\t\t\t\t<!-- button -->\n\t\t\t\t\t\t\t\t\t\t\n\t\t\t\t\t\t\t\t<\/div>\t\n\t\t\t\t\t\t\t\t\n\t\t\t\t\t\t\t<\/div> \n\t\t\t\t\t\t<\/div> \n\t\t\t\t\t\t\n\t\t\t\t\t\t\n\t\t\t\t\t\t\t\n\t\t\t\t\t\t\t\n\t\t\t\t\t\t<div class=\"item_pos col-lg-12\">\t\n\t\t\t\t\t\t\t<div class=\"witr_single_pslide\">\t\n\t\t\t\t\t\t\t\t<div class=\"witr_pslide_image\">\n\t\t\t\t\t\t\t\t\t<img decoding=\"async\" width=\"1024\" height=\"768\" src=\"https:\/\/arsgeotecnica.com\/wp-content\/uploads\/2024\/05\/TP30-1024x768.jpg\" class=\"attachment-large size-large wp-image-12656\" alt=\"\" srcset=\"https:\/\/arsgeotecnica.com\/wp-content\/uploads\/2024\/05\/TP30-1024x768.jpg 1024w, https:\/\/arsgeotecnica.com\/wp-content\/uploads\/2024\/05\/TP30-300x225.jpg 300w, https:\/\/arsgeotecnica.com\/wp-content\/uploads\/2024\/05\/TP30-768x576.jpg 768w, https:\/\/arsgeotecnica.com\/wp-content\/uploads\/2024\/05\/TP30-1536x1152.jpg 1536w, https:\/\/arsgeotecnica.com\/wp-content\/uploads\/2024\/05\/TP30-2048x1536.jpg 2048w\" sizes=\"(max-width: 1024px) 100vw, 1024px\" \/>\t\t\t\t\t\t\t\t<\/div>\n\t\t\t\t\t\t\t\t\t\t\t\t\t\t\t\t\t\t\t\t\t\t\t\t\n\t\t\t\t\t\t\t\t<div class=\"witr_content_pslide_text\">\n\t\t\t\t\t\t\t\t\t<div class=\"witr_content_pslide\">\n\t\t\t\t\t\t\t\t\t\t<!-- title -->\n\t\t\t\t\t\t\t\t\t\t\t\t\t\t\t\t\t\t\t\t\n\t\t\t\t\t\t\t\t\t\t<!-- content -->\n\t\t\t\t\t\t\t\t\t\t\t\t\t\t\t\t\t\t\t<\/div>\n\t\t\t\t\t\t\t\t\t<!-- button -->\n\t\t\t\t\t\t\t\t\t\t\n\t\t\t\t\t\t\t\t<\/div>\t\n\t\t\t\t\t\t\t\t\n\t\t\t\t\t\t\t<\/div> \n\t\t\t\t\t\t<\/div> \n\t\t\t\t\t\t\n\t\t\t\t\t\t\n\t\t\t\t\t\t\t\n\t\t\t\t\t\t\t\n\t\t\t\t\t\t<div class=\"item_pos col-lg-12\">\t\n\t\t\t\t\t\t\t<div class=\"witr_single_pslide\">\t\n\t\t\t\t\t\t\t\t<div class=\"witr_pslide_image\">\n\t\t\t\t\t\t\t\t\t<img loading=\"lazy\" decoding=\"async\" width=\"1024\" height=\"768\" src=\"https:\/\/arsgeotecnica.com\/wp-content\/uploads\/2024\/05\/TP-30-2-1024x768.jpg\" class=\"attachment-large size-large wp-image-12654\" alt=\"\" srcset=\"https:\/\/arsgeotecnica.com\/wp-content\/uploads\/2024\/05\/TP-30-2-1024x768.jpg 1024w, https:\/\/arsgeotecnica.com\/wp-content\/uploads\/2024\/05\/TP-30-2-300x225.jpg 300w, https:\/\/arsgeotecnica.com\/wp-content\/uploads\/2024\/05\/TP-30-2-768x576.jpg 768w, https:\/\/arsgeotecnica.com\/wp-content\/uploads\/2024\/05\/TP-30-2-1536x1152.jpg 1536w, https:\/\/arsgeotecnica.com\/wp-content\/uploads\/2024\/05\/TP-30-2-2048x1536.jpg 2048w\" sizes=\"(max-width: 1024px) 100vw, 1024px\" \/>\t\t\t\t\t\t\t\t<\/div>\n\t\t\t\t\t\t\t\t\t\t\t\t\t\t\t\t\t\t\t\t\t\t\t\t\n\t\t\t\t\t\t\t\t<div class=\"witr_content_pslide_text\">\n\t\t\t\t\t\t\t\t\t<div class=\"witr_content_pslide\">\n\t\t\t\t\t\t\t\t\t\t<!-- title -->\n\t\t\t\t\t\t\t\t\t\t\t\t\t\t\t\t\t\t\t\t\n\t\t\t\t\t\t\t\t\t\t<!-- content -->\n\t\t\t\t\t\t\t\t\t\t\t\t\t\t\t\t\t\t\t<\/div>\n\t\t\t\t\t\t\t\t\t<!-- button -->\n\t\t\t\t\t\t\t\t\t\t\n\t\t\t\t\t\t\t\t<\/div>\t\n\t\t\t\t\t\t\t\t\n\t\t\t\t\t\t\t<\/div> \n\t\t\t\t\t\t<\/div> \n\t\t\t\t\t\t\n\t\t\t\t\t\t\n\t\t\t\t\t\t\t\n\t\t\t\t\t\t\t\n\t\t\t\t\t\t<div class=\"item_pos col-lg-12\">\t\n\t\t\t\t\t\t\t<div class=\"witr_single_pslide\">\t\n\t\t\t\t\t\t\t\t<div class=\"witr_pslide_image\">\n\t\t\t\t\t\t\t\t\t<img loading=\"lazy\" decoding=\"async\" width=\"1024\" height=\"768\" src=\"https:\/\/arsgeotecnica.com\/wp-content\/uploads\/2024\/05\/Oruga-1024x768.jpg\" class=\"attachment-large size-large wp-image-12652\" alt=\"\" srcset=\"https:\/\/arsgeotecnica.com\/wp-content\/uploads\/2024\/05\/Oruga-1024x768.jpg 1024w, https:\/\/arsgeotecnica.com\/wp-content\/uploads\/2024\/05\/Oruga-300x225.jpg 300w, https:\/\/arsgeotecnica.com\/wp-content\/uploads\/2024\/05\/Oruga-768x576.jpg 768w, https:\/\/arsgeotecnica.com\/wp-content\/uploads\/2024\/05\/Oruga-1536x1152.jpg 1536w, https:\/\/arsgeotecnica.com\/wp-content\/uploads\/2024\/05\/Oruga-2048x1536.jpg 2048w\" sizes=\"(max-width: 1024px) 100vw, 1024px\" \/>\t\t\t\t\t\t\t\t<\/div>\n\t\t\t\t\t\t\t\t\t\t\t\t\t\t\t\t\t\t\t\t\t\t\t\t\n\t\t\t\t\t\t\t\t<div class=\"witr_content_pslide_text\">\n\t\t\t\t\t\t\t\t\t<div class=\"witr_content_pslide\">\n\t\t\t\t\t\t\t\t\t\t<!-- title -->\n\t\t\t\t\t\t\t\t\t\t\t\t\t\t\t\t\t\t\t\t\n\t\t\t\t\t\t\t\t\t\t<!-- content -->\n\t\t\t\t\t\t\t\t\t\t\t\t\t\t\t\t\t\t\t<\/div>\n\t\t\t\t\t\t\t\t\t<!-- button -->\n\t\t\t\t\t\t\t\t\t\t\n\t\t\t\t\t\t\t\t<\/div>\t\n\t\t\t\t\t\t\t\t\n\t\t\t\t\t\t\t<\/div> \n\t\t\t\t\t\t<\/div> \n\t\t\t\t\t\t\n\t\t\t\t\t\t\n\t\t\t\t\t\t\t\t\t\t\t\n\t\t\t\t\t\t\t\t\t\t\t\n\t\t\t<\/div> \n\t\t\t\n\t\t<\/div> \n\t\t\n\t\t\t<script type='text\/javascript'>\r\n\t\t\tjQuery(function($){\t\t\t\t\r\n\t\t\t\tvar witrbslick = $('.witr_cslide_idps5');\t\t\t\t\r\n\t\t\t\tif(witrbslick.length > 0){\r\n\t\t\t\twitrbslick.slick({\r\n\t\t\t\t\tinfinite: true,\r\n\t\t\t\t\tautoplay: true,\r\n\t\t\t\t\tautoplaySpeed: 3000,\r\n\t\t\t\t\tspeed: 1000,\t\t\t\t\t\r\n\t\t\t\t\tslidesToShow: 2,\r\n\t\t\t\t\tslidesToScroll: 1,\r\n\t\t\t\t\t\t\t\t\t\tarrows: true,\r\n\t\t\t\t\tdots: false,\r\n\t\t\t\t\tresponsive: [\r\n\t\t\t\t\t\t{\r\n\t\t\t\t\t\t\tbreakpoint: 1200,\r\n\t\t\t\t\t\t\tsettings: {\r\n\t\t\t\t\t\t\t\tslidesToShow: 2,\r\n\t\t\t\t\t\t\t\tslidesToScroll: 1,\r\n\t\t\t\t\t\t\t}\r\n\t\t\t\t\t},\r\n\t\t\t\t\t\t{\r\n\t\t\t\t\t\t\tbreakpoint: 992,\r\n\t\t\t\t\t\t\tsettings: {\r\n\t\t\t\t\t\t\t\tslidesToShow: 3,\r\n\t\t\t\t\t\t\t\tslidesToScroll: 1,\r\n\t\t\t\t\t\t\t}\r\n\t\t\t\t\t},\r\n\t\t\t\t\t\t{\r\n\t\t\t\t\t\t\tbreakpoint: 767,\r\n\t\t\t\t\t\t\tsettings: {\r\n\t\t\t\t\t\t\t\tslidesToShow: 1,\r\n\t\t\t\t\t\t\t\tslidesToScroll: 1,\r\n\t\t\t\t\t\t\t}\r\n\t\t\t\t\t}\r\n\t\t\t\t\t]\r\n\t\t\t\t});\r\n\t\t\t}\r\n\r\n\t\t\t});\r\n\t\t<\/script>\t\t\t<\/div>\n\t\t\t\t<\/div>\n\t\t\t\t\t<\/div>\n\t\t<\/div>\n\t\t\t\t\t<\/div>\n\t\t<\/section>\n\t\t\t\t<\/div>\n\t\t","protected":false},"excerpt":{"rendered":"<p>REALIZACI\u00d3N DE ESTUDIOS GEOT\u00c9CNICOS Estudios geot\u00e9cnicos para proyectos de gesti\u00f3n y planificaci\u00f3n urban\u00edstica, proyectos de edificaci\u00f3n, infraestructuras lineales, patolog\u00edas de edificios inducidas por el terreno\u2026 EXPLICACI\u00d3N DEL SERVICIO Damos servicio a nuestros clientes en sus necesidades de gesti\u00f3n urban\u00edstica y constructivas tanto a nivel de proyecci\u00f3n de nuevas infraestructuras, edificaciones o planeamiento urban\u00edstico como en [&hellip;]<\/p>\n","protected":false},"author":1,"featured_media":0,"parent":0,"menu_order":0,"comment_status":"closed","ping_status":"closed","template":"template-home.php","meta":{"footnotes":""},"class_list":["post-12911","page","type-page","status-publish","hentry"],"yoast_head":"<!-- This site is optimized with the Yoast SEO plugin v23.4 - https:\/\/yoast.com\/wordpress\/plugins\/seo\/ -->\n<title>Estudios Geot\u00e9cnicos Avanzados \u2013 Ars Geot\u00e9cnica s.l.<\/title>\n<meta name=\"description\" content=\"Realizamos estudios geot\u00e9cnicos completos y precisos para garantizar la seguridad y estabilidad de su proyecto desde el inicio\" \/>\n<meta name=\"robots\" content=\"index, follow, max-snippet:-1, max-image-preview:large, max-video-preview:-1\" \/>\n<link rel=\"canonical\" href=\"https:\/\/arsgeotecnica.com\/es\/estudios-geotecnicos\/\" \/>\n<meta property=\"og:locale\" content=\"es_ES\" \/>\n<meta property=\"og:type\" content=\"article\" \/>\n<meta property=\"og:title\" content=\"Estudios Geot\u00e9cnicos Avanzados \u2013 Ars Geot\u00e9cnica s.l.\" \/>\n<meta property=\"og:description\" content=\"Realizamos estudios geot\u00e9cnicos completos y precisos para garantizar la seguridad y estabilidad de su proyecto desde el inicio\" \/>\n<meta property=\"og:url\" content=\"https:\/\/arsgeotecnica.com\/es\/estudios-geotecnicos\/\" \/>\n<meta property=\"og:site_name\" content=\"Ars Geotecnica\" \/>\n<meta property=\"article:modified_time\" content=\"2024-06-28T13:52:19+00:00\" \/>\n<meta property=\"og:image\" content=\"https:\/\/arsgeotecnica.com\/wp-content\/uploads\/2024\/05\/Cartografia-1.jpg\" \/>\n<meta name=\"twitter:card\" content=\"summary_large_image\" \/>\n<meta name=\"twitter:label1\" content=\"Est. reading time\" \/>\n\t<meta name=\"twitter:data1\" content=\"4 minutes\" \/>\n<script type=\"application\/ld+json\" class=\"yoast-schema-graph\">{\"@context\":\"https:\/\/schema.org\",\"@graph\":[{\"@type\":\"WebPage\",\"@id\":\"https:\/\/arsgeotecnica.com\/es\/estudios-geotecnicos\/\",\"url\":\"https:\/\/arsgeotecnica.com\/es\/estudios-geotecnicos\/\",\"name\":\"Estudios Geot\u00e9cnicos Avanzados \u2013 Ars Geot\u00e9cnica s.l.\",\"isPartOf\":{\"@id\":\"https:\/\/arsgeotecnica.com\/#website\"},\"primaryImageOfPage\":{\"@id\":\"https:\/\/arsgeotecnica.com\/es\/estudios-geotecnicos\/#primaryimage\"},\"image\":{\"@id\":\"https:\/\/arsgeotecnica.com\/es\/estudios-geotecnicos\/#primaryimage\"},\"thumbnailUrl\":\"https:\/\/arsgeotecnica.com\/wp-content\/uploads\/2024\/05\/Cartografia-1.jpg\",\"datePublished\":\"2024-05-16T12:21:21+00:00\",\"dateModified\":\"2024-06-28T13:52:19+00:00\",\"description\":\"Realizamos estudios geot\u00e9cnicos completos y precisos para garantizar la seguridad y estabilidad de su proyecto desde el inicio\",\"breadcrumb\":{\"@id\":\"https:\/\/arsgeotecnica.com\/es\/estudios-geotecnicos\/#breadcrumb\"},\"inLanguage\":\"es-ES\",\"potentialAction\":[{\"@type\":\"ReadAction\",\"target\":[\"https:\/\/arsgeotecnica.com\/es\/estudios-geotecnicos\/\"]}]},{\"@type\":\"ImageObject\",\"inLanguage\":\"es-ES\",\"@id\":\"https:\/\/arsgeotecnica.com\/es\/estudios-geotecnicos\/#primaryimage\",\"url\":\"https:\/\/arsgeotecnica.com\/wp-content\/uploads\/2024\/05\/Cartografia-1.jpg\",\"contentUrl\":\"https:\/\/arsgeotecnica.com\/wp-content\/uploads\/2024\/05\/Cartografia-1.jpg\"},{\"@type\":\"BreadcrumbList\",\"@id\":\"https:\/\/arsgeotecnica.com\/es\/estudios-geotecnicos\/#breadcrumb\",\"itemListElement\":[{\"@type\":\"ListItem\",\"position\":1,\"name\":\"Inici\",\"item\":\"https:\/\/arsgeotecnica.com\/es\/\"},{\"@type\":\"ListItem\",\"position\":2,\"name\":\"Estudios geot\u00e9cnicos\"}]},{\"@type\":\"WebSite\",\"@id\":\"https:\/\/arsgeotecnica.com\/#website\",\"url\":\"https:\/\/arsgeotecnica.com\/\",\"name\":\"Ars Geotecnica\",\"description\":\"Observem i treballem la terra per que et sentis segur\",\"publisher\":{\"@id\":\"https:\/\/arsgeotecnica.com\/#organization\"},\"potentialAction\":[{\"@type\":\"SearchAction\",\"target\":{\"@type\":\"EntryPoint\",\"urlTemplate\":\"https:\/\/arsgeotecnica.com\/?s={search_term_string}\"},\"query-input\":{\"@type\":\"PropertyValueSpecification\",\"valueRequired\":true,\"valueName\":\"search_term_string\"}}],\"inLanguage\":\"es-ES\"},{\"@type\":\"Organization\",\"@id\":\"https:\/\/arsgeotecnica.com\/#organization\",\"name\":\"Ars Geotecnica\",\"url\":\"https:\/\/arsgeotecnica.com\/\",\"logo\":{\"@type\":\"ImageObject\",\"inLanguage\":\"es-ES\",\"@id\":\"https:\/\/arsgeotecnica.com\/#\/schema\/logo\/image\/\",\"url\":\"https:\/\/arsgeotecnica.com\/wp-content\/uploads\/2024\/05\/logo-v2.png\",\"contentUrl\":\"https:\/\/arsgeotecnica.com\/wp-content\/uploads\/2024\/05\/logo-v2.png\",\"width\":299,\"height\":134,\"caption\":\"Ars Geotecnica\"},\"image\":{\"@id\":\"https:\/\/arsgeotecnica.com\/#\/schema\/logo\/image\/\"}}]}<\/script>\n<!-- \/ Yoast SEO plugin. -->","yoast_head_json":{"title":"Estudios Geot\u00e9cnicos Avanzados \u2013 Ars Geot\u00e9cnica s.l.","description":"Realizamos estudios geot\u00e9cnicos completos y precisos para garantizar la seguridad y estabilidad de su proyecto desde el inicio","robots":{"index":"index","follow":"follow","max-snippet":"max-snippet:-1","max-image-preview":"max-image-preview:large","max-video-preview":"max-video-preview:-1"},"canonical":"https:\/\/arsgeotecnica.com\/es\/estudios-geotecnicos\/","og_locale":"es_ES","og_type":"article","og_title":"Estudios Geot\u00e9cnicos Avanzados \u2013 Ars Geot\u00e9cnica s.l.","og_description":"Realizamos estudios geot\u00e9cnicos completos y precisos para garantizar la seguridad y estabilidad de su proyecto desde el inicio","og_url":"https:\/\/arsgeotecnica.com\/es\/estudios-geotecnicos\/","og_site_name":"Ars Geotecnica","article_modified_time":"2024-06-28T13:52:19+00:00","og_image":[{"url":"https:\/\/arsgeotecnica.com\/wp-content\/uploads\/2024\/05\/Cartografia-1.jpg"}],"twitter_card":"summary_large_image","twitter_misc":{"Est. reading time":"4 minutes"},"schema":{"@context":"https:\/\/schema.org","@graph":[{"@type":"WebPage","@id":"https:\/\/arsgeotecnica.com\/es\/estudios-geotecnicos\/","url":"https:\/\/arsgeotecnica.com\/es\/estudios-geotecnicos\/","name":"Estudios Geot\u00e9cnicos Avanzados \u2013 Ars Geot\u00e9cnica s.l.","isPartOf":{"@id":"https:\/\/arsgeotecnica.com\/#website"},"primaryImageOfPage":{"@id":"https:\/\/arsgeotecnica.com\/es\/estudios-geotecnicos\/#primaryimage"},"image":{"@id":"https:\/\/arsgeotecnica.com\/es\/estudios-geotecnicos\/#primaryimage"},"thumbnailUrl":"https:\/\/arsgeotecnica.com\/wp-content\/uploads\/2024\/05\/Cartografia-1.jpg","datePublished":"2024-05-16T12:21:21+00:00","dateModified":"2024-06-28T13:52:19+00:00","description":"Realizamos estudios geot\u00e9cnicos completos y precisos para garantizar la seguridad y estabilidad de su proyecto desde el inicio","breadcrumb":{"@id":"https:\/\/arsgeotecnica.com\/es\/estudios-geotecnicos\/#breadcrumb"},"inLanguage":"es-ES","potentialAction":[{"@type":"ReadAction","target":["https:\/\/arsgeotecnica.com\/es\/estudios-geotecnicos\/"]}]},{"@type":"ImageObject","inLanguage":"es-ES","@id":"https:\/\/arsgeotecnica.com\/es\/estudios-geotecnicos\/#primaryimage","url":"https:\/\/arsgeotecnica.com\/wp-content\/uploads\/2024\/05\/Cartografia-1.jpg","contentUrl":"https:\/\/arsgeotecnica.com\/wp-content\/uploads\/2024\/05\/Cartografia-1.jpg"},{"@type":"BreadcrumbList","@id":"https:\/\/arsgeotecnica.com\/es\/estudios-geotecnicos\/#breadcrumb","itemListElement":[{"@type":"ListItem","position":1,"name":"Inici","item":"https:\/\/arsgeotecnica.com\/es\/"},{"@type":"ListItem","position":2,"name":"Estudios geot\u00e9cnicos"}]},{"@type":"WebSite","@id":"https:\/\/arsgeotecnica.com\/#website","url":"https:\/\/arsgeotecnica.com\/","name":"Ars Geotecnica","description":"Observem i treballem la terra per que et sentis segur","publisher":{"@id":"https:\/\/arsgeotecnica.com\/#organization"},"potentialAction":[{"@type":"SearchAction","target":{"@type":"EntryPoint","urlTemplate":"https:\/\/arsgeotecnica.com\/?s={search_term_string}"},"query-input":{"@type":"PropertyValueSpecification","valueRequired":true,"valueName":"search_term_string"}}],"inLanguage":"es-ES"},{"@type":"Organization","@id":"https:\/\/arsgeotecnica.com\/#organization","name":"Ars Geotecnica","url":"https:\/\/arsgeotecnica.com\/","logo":{"@type":"ImageObject","inLanguage":"es-ES","@id":"https:\/\/arsgeotecnica.com\/#\/schema\/logo\/image\/","url":"https:\/\/arsgeotecnica.com\/wp-content\/uploads\/2024\/05\/logo-v2.png","contentUrl":"https:\/\/arsgeotecnica.com\/wp-content\/uploads\/2024\/05\/logo-v2.png","width":299,"height":134,"caption":"Ars Geotecnica"},"image":{"@id":"https:\/\/arsgeotecnica.com\/#\/schema\/logo\/image\/"}}]}},"_links":{"self":[{"href":"https:\/\/arsgeotecnica.com\/es\/wp-json\/wp\/v2\/pages\/12911"}],"collection":[{"href":"https:\/\/arsgeotecnica.com\/es\/wp-json\/wp\/v2\/pages"}],"about":[{"href":"https:\/\/arsgeotecnica.com\/es\/wp-json\/wp\/v2\/types\/page"}],"author":[{"embeddable":true,"href":"https:\/\/arsgeotecnica.com\/es\/wp-json\/wp\/v2\/users\/1"}],"replies":[{"embeddable":true,"href":"https:\/\/arsgeotecnica.com\/es\/wp-json\/wp\/v2\/comments?post=12911"}],"version-history":[{"count":7,"href":"https:\/\/arsgeotecnica.com\/es\/wp-json\/wp\/v2\/pages\/12911\/revisions"}],"predecessor-version":[{"id":13436,"href":"https:\/\/arsgeotecnica.com\/es\/wp-json\/wp\/v2\/pages\/12911\/revisions\/13436"}],"wp:attachment":[{"href":"https:\/\/arsgeotecnica.com\/es\/wp-json\/wp\/v2\/media?parent=12911"}],"curies":[{"name":"wp","href":"https:\/\/api.w.org\/{rel}","templated":true}]}}