{"id":12849,"date":"2020-11-12T03:54:48","date_gmt":"2020-11-12T02:54:48","guid":{"rendered":"https:\/\/arsgeotecnica.com\/?page_id=12849"},"modified":"2024-06-28T15:36:53","modified_gmt":"2024-06-28T13:36:53","slug":"servicios","status":"publish","type":"page","link":"https:\/\/arsgeotecnica.com\/es\/servicios\/","title":{"rendered":"Servicios"},"content":{"rendered":"\t\t<div data-elementor-type=\"wp-page\" data-elementor-id=\"12849\" class=\"elementor elementor-12849 elementor-3163\">\n\t\t\t\t\t\t<section class=\"elementor-section elementor-top-section elementor-element elementor-element-0d7bbf3 elementor-section-full_width elementor-section-height-default elementor-section-height-default\" data-id=\"0d7bbf3\" data-element_type=\"section\" data-settings=\"{&quot;background_background&quot;:&quot;classic&quot;}\">\n\t\t\t\t\t\t<div class=\"elementor-container elementor-column-gap-default\">\n\t\t\t\t\t<div class=\"elementor-column elementor-col-100 elementor-top-column elementor-element elementor-element-361099c\" data-id=\"361099c\" data-element_type=\"column\">\n\t\t\t<div class=\"elementor-widget-wrap elementor-element-populated\">\n\t\t\t\t\t\t<div class=\"elementor-element elementor-element-6320326 elementor-widget elementor-widget-heading\" data-id=\"6320326\" data-element_type=\"widget\" data-widget_type=\"heading.default\">\n\t\t\t\t<div class=\"elementor-widget-container\">\n\t\t\t<h1 class=\"elementor-heading-title elementor-size-default\">SERVICIOS GEOT\u00c9CNICOS<\/h1>\t\t<\/div>\n\t\t\t\t<\/div>\n\t\t\t\t<div class=\"elementor-element elementor-element-6e0146a poket-star-rating--align-center elementor-widget elementor-widget-witr_section_title\" data-id=\"6e0146a\" data-element_type=\"widget\" data-widget_type=\"witr_section_title.default\">\n\t\t\t\t<div class=\"elementor-widget-container\">\n\t\t\t\t\t\t\t\t<!-- title center -->\n\t\t\t\t\t<div class=\"witr_section_title\">\n\t\t\t\t\t\t<div class=\"witr_section_title_inner text-center\">\n\n\t\t\t\t\t\t\t<!-- icon position -->\n\t\t\t\t\t\t\t\t\n\t\t\t\t\t\t\t<!-- end icon position -->\n\t\t\t\t\t\t\t\n\t\t\t\t\t\t\n\t\t\t\t\t\t\t<!-- title top -->\n\t\t\t\t\t\t\t\n\n\t\t\t\t\t\t\t<!-- icon position -->\n\t\t\t\t\t\t\t\t\t\t\t\t\t\t\n\t\t\t\t\t\t\t<!-- image -->\n\t\t\t\t\t\t\t\t\t\t\t\t\t\t<!-- icon -->\n\t\t\t\t\t\t\t\t\t\t\t\t\t\t\n\t\t\t\t\t\t\t<!-- bar -->\n\t\t\t\t\t\t\t\t\t\t\t\t\t\t<!-- circle bar -->\n\t\t\t\t\t\t\t\t\t\t\t\t\t\t\n\t\t\t\t\t\t\t\t\n\t\t\t\t\t\t\t<!-- end icon position -->\n\n\n\t\t\t\t\t\t\t\n\t\t\t\t\t\t\t<!-- title middle -->\n\t\t\t\t\t\t\t\t\t\t\t\t\t\t<!-- title bottom -->\n\t\t\t\t\t\t\t\n\t\t\t\t\t\t\t\n\t\t\t\t\t\t\t\n\t\t\t\t\t\t\t\t\n\t\t\t\t\t\t\t\n\n\t\t\t\t\t\t\t\n\t\t\t\t\t\t\t<!-- content -->\n\t\t\t\t\t\t\t\t\t\t\t\t\t\t\t<p>Como consultores ge\u00f3logos, ofrecemos servicios relacionados con las ciencias de la tierra y los riesgos geol\u00f3gicos, como estudios geot\u00e9cnicos, proyectos de gesti\u00f3n de riesgos geol\u00f3gicos, direcci\u00f3n de obras, estudios geol\u00f3gicos para la planificaci\u00f3n urban\u00edstica, etc. <\/p>\t\t\n\t\t\t\t\t\t\t\t\t\t\t\t\t\t\n\t\t\t\t\t\t<\/div>\n\t\t\t\t\t\t\t<!-- inner title -->\n\t\t\t\t\t\t\t\t\t\t\t\t\t\n\t\t\t\t\t<\/div>\n\n\t\t\t\t\t\t<\/div>\n\t\t\t\t<\/div>\n\t\t\t\t<section class=\"elementor-section elementor-inner-section elementor-element elementor-element-46b8423 elementor-section-boxed elementor-section-height-default elementor-section-height-default\" data-id=\"46b8423\" data-element_type=\"section\">\n\t\t\t\t\t\t<div class=\"elementor-container elementor-column-gap-default\">\n\t\t\t\t\t<div class=\"elementor-column elementor-col-33 elementor-inner-column elementor-element elementor-element-a6da1aa\" data-id=\"a6da1aa\" data-element_type=\"column\">\n\t\t\t<div class=\"elementor-widget-wrap elementor-element-populated\">\n\t\t\t\t\t\t<div class=\"elementor-element elementor-element-66da94e elementor-widget elementor-widget-image\" data-id=\"66da94e\" data-element_type=\"widget\" data-widget_type=\"image.default\">\n\t\t\t\t<div class=\"elementor-widget-container\">\n\t\t\t\t\t\t\t\t\t\t\t\t\t<img fetchpriority=\"high\" decoding=\"async\" width=\"1755\" height=\"1240\" src=\"https:\/\/arsgeotecnica.com\/wp-content\/uploads\/2024\/05\/Imatge-servei-1.jpg\" class=\"attachment-full size-full wp-image-12542\" alt=\"\" srcset=\"https:\/\/arsgeotecnica.com\/wp-content\/uploads\/2024\/05\/Imatge-servei-1.jpg 1755w, https:\/\/arsgeotecnica.com\/wp-content\/uploads\/2024\/05\/Imatge-servei-1-300x212.jpg 300w, https:\/\/arsgeotecnica.com\/wp-content\/uploads\/2024\/05\/Imatge-servei-1-1024x724.jpg 1024w, https:\/\/arsgeotecnica.com\/wp-content\/uploads\/2024\/05\/Imatge-servei-1-768x543.jpg 768w, https:\/\/arsgeotecnica.com\/wp-content\/uploads\/2024\/05\/Imatge-servei-1-1536x1085.jpg 1536w\" sizes=\"(max-width: 1755px) 100vw, 1755px\" \/>\t\t\t\t\t\t\t\t\t\t\t\t\t<\/div>\n\t\t\t\t<\/div>\n\t\t\t\t<div class=\"elementor-element elementor-element-4fb8491 poket-star-rating--align-center elementor-widget elementor-widget-witr_section_title\" data-id=\"4fb8491\" data-element_type=\"widget\" data-widget_type=\"witr_section_title.default\">\n\t\t\t\t<div class=\"elementor-widget-container\">\n\t\t\t\t\t\t\t\t<!-- title center -->\n\t\t\t\t\t<div class=\"witr_section_title\">\n\t\t\t\t\t\t<div class=\"witr_section_title_inner text-center\">\n\n\t\t\t\t\t\t\t<!-- icon position -->\n\t\t\t\t\t\t\t\t\n\t\t\t\t\t\t\t<!-- end icon position -->\n\t\t\t\t\t\t\t\n\t\t\t\t\t\t\n\t\t\t\t\t\t\t<!-- title top -->\n\t\t\t\t\t\t\t\t\t\t\t\t\t\t\t<h2>REDACCI\u00d3N DE PROYECTOS<\/h2>\t\t\n\t\t\t\t\t\t\t\n\n\t\t\t\t\t\t\t<!-- icon position -->\n\t\t\t\t\t\t\t\t\n\t\t\t\t\t\t\t<!-- end icon position -->\n\n\n\t\t\t\t\t\t\t\n\t\t\t\t\t\t\t<!-- title middle -->\n\t\t\t\t\t\t\t\t\t\t\t\t\t\t\t<h3>INGENIER\u00cdA GEOL\u00d3GICA<\/h3>\t\t\n\t\t\t\t\t\t\t\t\t\t\t\t\t\t<!-- title bottom -->\n\t\t\t\t\t\t\t\n\t\t\t\t\t\t\t\n\t\t\t\t\t\t\t\n\t\t\t\t\t\t\t\t\t\t\t\t\t\t\n\t\t\t\t\t\t\t<!-- image -->\n\t\t\t\t\t\t\t\t\t\t\t\t\t\t<!-- icon -->\n\t\t\t\t\t\t\t\t\t\t\t\t\t\t\n\t\t\t\t\t\t\t<!-- bar -->\n\t\t\t\t\t\t\t\t\t\t\t\t\t\t<!-- circle bar -->\n\t\t\t\t\t\t\t\t\t\t\t\t\t\t\n\t\t\t\t\t\t\t\t\n\t\t\t\t\t\t\t\n\n\t\t\t\t\t\t\t\n\t\t\t\t\t\t\t<!-- content -->\n\t\t\t\t\t\t\t\t\t\t\t\t\t\t\n\t\t\t\t\t\t<\/div>\n\t\t\t\t\t\t\t<!-- inner title -->\n\t\t\t\t\t\t\t\t\t\t\t\t\t\n\t\t\t\t\t<\/div>\n\n\t\t\t\t\t\t<\/div>\n\t\t\t\t<\/div>\n\t\t\t\t<div class=\"elementor-element elementor-element-234e341 elementor-align-center elementor-widget elementor-widget-button\" data-id=\"234e341\" data-element_type=\"widget\" data-widget_type=\"button.default\">\n\t\t\t\t<div class=\"elementor-widget-container\">\n\t\t\t\t\t<div class=\"elementor-button-wrapper\">\n\t\t\t<a class=\"elementor-button elementor-button-link elementor-size-sm\" href=\"\/es\/redaccion-de-proyectos\/\">\n\t\t\t\t\t\t<span class=\"elementor-button-content-wrapper\">\n\t\t\t\t\t\t\t\t\t<span class=\"elementor-button-text\">M\u00e1s informaci\u00f3n<\/span>\n\t\t\t\t\t<\/span>\n\t\t\t\t\t<\/a>\n\t\t<\/div>\n\t\t\t\t<\/div>\n\t\t\t\t<\/div>\n\t\t\t\t\t<\/div>\n\t\t<\/div>\n\t\t\t\t<div class=\"elementor-column elementor-col-33 elementor-inner-column elementor-element elementor-element-80ad131\" data-id=\"80ad131\" data-element_type=\"column\">\n\t\t\t<div class=\"elementor-widget-wrap elementor-element-populated\">\n\t\t\t\t\t\t<div class=\"elementor-element elementor-element-5db074b elementor-widget elementor-widget-image\" data-id=\"5db074b\" data-element_type=\"widget\" data-widget_type=\"image.default\">\n\t\t\t\t<div class=\"elementor-widget-container\">\n\t\t\t\t\t\t\t\t\t\t\t\t\t<img decoding=\"async\" width=\"2560\" height=\"1914\" src=\"https:\/\/arsgeotecnica.com\/wp-content\/uploads\/2024\/05\/Manresa-scaled.jpg\" class=\"attachment-full size-full wp-image-12545\" alt=\"\" srcset=\"https:\/\/arsgeotecnica.com\/wp-content\/uploads\/2024\/05\/Manresa-scaled.jpg 2560w, https:\/\/arsgeotecnica.com\/wp-content\/uploads\/2024\/05\/Manresa-300x224.jpg 300w, https:\/\/arsgeotecnica.com\/wp-content\/uploads\/2024\/05\/Manresa-1024x766.jpg 1024w, https:\/\/arsgeotecnica.com\/wp-content\/uploads\/2024\/05\/Manresa-768x574.jpg 768w, https:\/\/arsgeotecnica.com\/wp-content\/uploads\/2024\/05\/Manresa-1536x1149.jpg 1536w, https:\/\/arsgeotecnica.com\/wp-content\/uploads\/2024\/05\/Manresa-2048x1531.jpg 2048w\" sizes=\"(max-width: 2560px) 100vw, 2560px\" \/>\t\t\t\t\t\t\t\t\t\t\t\t\t<\/div>\n\t\t\t\t<\/div>\n\t\t\t\t<div class=\"elementor-element elementor-element-081edfa poket-star-rating--align-center elementor-widget elementor-widget-witr_section_title\" data-id=\"081edfa\" data-element_type=\"widget\" data-widget_type=\"witr_section_title.default\">\n\t\t\t\t<div class=\"elementor-widget-container\">\n\t\t\t\t\t\t\t\t<!-- title center -->\n\t\t\t\t\t<div class=\"witr_section_title\">\n\t\t\t\t\t\t<div class=\"witr_section_title_inner text-center\">\n\n\t\t\t\t\t\t\t<!-- icon position -->\n\t\t\t\t\t\t\t\t\n\t\t\t\t\t\t\t<!-- end icon position -->\n\t\t\t\t\t\t\t\n\t\t\t\t\t\t\n\t\t\t\t\t\t\t<!-- title top -->\n\t\t\t\t\t\t\t\t\t\t\t\t\t\t\t<h2>DIRECCI\u00d3N<br>DE OBRA<\/h2>\t\t\n\t\t\t\t\t\t\t\n\n\t\t\t\t\t\t\t<!-- icon position -->\n\t\t\t\t\t\t\t\t\n\t\t\t\t\t\t\t<!-- end icon position -->\n\n\n\t\t\t\t\t\t\t\n\t\t\t\t\t\t\t<!-- title middle -->\n\t\t\t\t\t\t\t\t\t\t\t\t\t\t\t<h3>INGENIER\u00cdA GEOL\u00d3GICA<\/h3>\t\t\n\t\t\t\t\t\t\t\t\t\t\t\t\t\t<!-- title bottom -->\n\t\t\t\t\t\t\t\n\t\t\t\t\t\t\t\n\t\t\t\t\t\t\t\n\t\t\t\t\t\t\t\t\t\t\t\t\t\t\n\t\t\t\t\t\t\t<!-- image -->\n\t\t\t\t\t\t\t\t\t\t\t\t\t\t<!-- icon -->\n\t\t\t\t\t\t\t\t\t\t\t\t\t\t\n\t\t\t\t\t\t\t<!-- bar -->\n\t\t\t\t\t\t\t\t\t\t\t\t\t\t<!-- circle bar -->\n\t\t\t\t\t\t\t\t\t\t\t\t\t\t\n\t\t\t\t\t\t\t\t\n\t\t\t\t\t\t\t\n\n\t\t\t\t\t\t\t\n\t\t\t\t\t\t\t<!-- content -->\n\t\t\t\t\t\t\t\t\t\t\t\t\t\t\n\t\t\t\t\t\t<\/div>\n\t\t\t\t\t\t\t<!-- inner title -->\n\t\t\t\t\t\t\t\t\t\t\t\t\t\n\t\t\t\t\t<\/div>\n\n\t\t\t\t\t\t<\/div>\n\t\t\t\t<\/div>\n\t\t\t\t<div class=\"elementor-element elementor-element-da5aa51 elementor-align-center elementor-widget elementor-widget-button\" data-id=\"da5aa51\" data-element_type=\"widget\" data-widget_type=\"button.default\">\n\t\t\t\t<div class=\"elementor-widget-container\">\n\t\t\t\t\t<div class=\"elementor-button-wrapper\">\n\t\t\t<a class=\"elementor-button elementor-button-link elementor-size-sm\" href=\"\/es\/direcciones-de-obra\/\">\n\t\t\t\t\t\t<span class=\"elementor-button-content-wrapper\">\n\t\t\t\t\t\t\t\t\t<span class=\"elementor-button-text\">M\u00e1s informaci\u00f3n<\/span>\n\t\t\t\t\t<\/span>\n\t\t\t\t\t<\/a>\n\t\t<\/div>\n\t\t\t\t<\/div>\n\t\t\t\t<\/div>\n\t\t\t\t\t<\/div>\n\t\t<\/div>\n\t\t\t\t<div class=\"elementor-column elementor-col-33 elementor-inner-column elementor-element elementor-element-e34cfc6\" data-id=\"e34cfc6\" data-element_type=\"column\">\n\t\t\t<div class=\"elementor-widget-wrap elementor-element-populated\">\n\t\t\t\t\t\t<div class=\"elementor-element elementor-element-40acf44 elementor-widget elementor-widget-image\" data-id=\"40acf44\" data-element_type=\"widget\" data-widget_type=\"image.default\">\n\t\t\t\t<div class=\"elementor-widget-container\">\n\t\t\t\t\t\t\t\t\t\t\t\t\t<img decoding=\"async\" width=\"1499\" height=\"966\" src=\"https:\/\/arsgeotecnica.com\/wp-content\/uploads\/2024\/05\/Cartografia.jpg\" class=\"attachment-full size-full wp-image-12519\" alt=\"\" srcset=\"https:\/\/arsgeotecnica.com\/wp-content\/uploads\/2024\/05\/Cartografia.jpg 1499w, https:\/\/arsgeotecnica.com\/wp-content\/uploads\/2024\/05\/Cartografia-300x193.jpg 300w, https:\/\/arsgeotecnica.com\/wp-content\/uploads\/2024\/05\/Cartografia-1024x660.jpg 1024w, https:\/\/arsgeotecnica.com\/wp-content\/uploads\/2024\/05\/Cartografia-768x495.jpg 768w, https:\/\/arsgeotecnica.com\/wp-content\/uploads\/2024\/05\/Cartografia-390x250.jpg 390w\" sizes=\"(max-width: 1499px) 100vw, 1499px\" \/>\t\t\t\t\t\t\t\t\t\t\t\t\t<\/div>\n\t\t\t\t<\/div>\n\t\t\t\t<div class=\"elementor-element elementor-element-769b67a poket-star-rating--align-center elementor-widget elementor-widget-witr_section_title\" data-id=\"769b67a\" data-element_type=\"widget\" data-widget_type=\"witr_section_title.default\">\n\t\t\t\t<div class=\"elementor-widget-container\">\n\t\t\t\t\t\t\t\t<!-- title center -->\n\t\t\t\t\t<div class=\"witr_section_title\">\n\t\t\t\t\t\t<div class=\"witr_section_title_inner text-center\">\n\n\t\t\t\t\t\t\t<!-- icon position -->\n\t\t\t\t\t\t\t\t\n\t\t\t\t\t\t\t<!-- end icon position -->\n\t\t\t\t\t\t\t\n\t\t\t\t\t\t\n\t\t\t\t\t\t\t<!-- title top -->\n\t\t\t\t\t\t\t\t\t\t\t\t\t\t\t<h2>ESTUDIOS<br>GEOT\u00c9CNICOS<\/h2>\t\t\n\t\t\t\t\t\t\t\n\n\t\t\t\t\t\t\t<!-- icon position -->\n\t\t\t\t\t\t\t\t\n\t\t\t\t\t\t\t<!-- end icon position -->\n\n\n\t\t\t\t\t\t\t\n\t\t\t\t\t\t\t<!-- title middle -->\n\t\t\t\t\t\t\t\t\t\t\t\t\t\t\t<h3>GEOTECN\u00cdA<\/h3>\t\t\n\t\t\t\t\t\t\t\t\t\t\t\t\t\t<!-- title bottom -->\n\t\t\t\t\t\t\t\n\t\t\t\t\t\t\t\n\t\t\t\t\t\t\t\n\t\t\t\t\t\t\t\t\t\t\t\t\t\t\n\t\t\t\t\t\t\t<!-- image -->\n\t\t\t\t\t\t\t\t\t\t\t\t\t\t<!-- icon -->\n\t\t\t\t\t\t\t\t\t\t\t\t\t\t\n\t\t\t\t\t\t\t<!-- bar -->\n\t\t\t\t\t\t\t\t\t\t\t\t\t\t<!-- circle bar -->\n\t\t\t\t\t\t\t\t\t\t\t\t\t\t\n\t\t\t\t\t\t\t\t\n\t\t\t\t\t\t\t\n\n\t\t\t\t\t\t\t\n\t\t\t\t\t\t\t<!-- content -->\n\t\t\t\t\t\t\t\t\t\t\t\t\t\t\n\t\t\t\t\t\t<\/div>\n\t\t\t\t\t\t\t<!-- inner title -->\n\t\t\t\t\t\t\t\t\t\t\t\t\t\n\t\t\t\t\t<\/div>\n\n\t\t\t\t\t\t<\/div>\n\t\t\t\t<\/div>\n\t\t\t\t<div class=\"elementor-element elementor-element-7fac1c9 elementor-align-center elementor-widget elementor-widget-button\" data-id=\"7fac1c9\" data-element_type=\"widget\" data-widget_type=\"button.default\">\n\t\t\t\t<div class=\"elementor-widget-container\">\n\t\t\t\t\t<div class=\"elementor-button-wrapper\">\n\t\t\t<a class=\"elementor-button elementor-button-link elementor-size-sm\" href=\"\/es\/estudios-geotecnicos\/\">\n\t\t\t\t\t\t<span class=\"elementor-button-content-wrapper\">\n\t\t\t\t\t\t\t\t\t<span class=\"elementor-button-text\">M\u00e1s informaci\u00f3n<\/span>\n\t\t\t\t\t<\/span>\n\t\t\t\t\t<\/a>\n\t\t<\/div>\n\t\t\t\t<\/div>\n\t\t\t\t<\/div>\n\t\t\t\t\t<\/div>\n\t\t<\/div>\n\t\t\t\t\t<\/div>\n\t\t<\/section>\n\t\t\t\t\t<\/div>\n\t\t<\/div>\n\t\t\t\t\t<\/div>\n\t\t<\/section>\n\t\t\t\t<\/div>\n\t\t","protected":false},"excerpt":{"rendered":"<p>SERVICIOS GEOT\u00c9CNICOS Como consultores ge\u00f3logos, ofrecemos servicios relacionados con las ciencias de la tierra y los riesgos geol\u00f3gicos, como estudios geot\u00e9cnicos, proyectos de gesti\u00f3n de riesgos geol\u00f3gicos, direcci\u00f3n de obras, estudios geol\u00f3gicos para la planificaci\u00f3n urban\u00edstica, etc. REDACCI\u00d3N DE PROYECTOS INGENIER\u00cdA GEOL\u00d3GICA M\u00e1s informaci\u00f3n DIRECCI\u00d3NDE OBRA INGENIER\u00cdA GEOL\u00d3GICA M\u00e1s informaci\u00f3n ESTUDIOSGEOT\u00c9CNICOS GEOTECN\u00cdA M\u00e1s informaci\u00f3n<\/p>\n","protected":false},"author":1,"featured_media":0,"parent":0,"menu_order":0,"comment_status":"closed","ping_status":"closed","template":"template-home.php","meta":{"footnotes":""},"class_list":["post-12849","page","type-page","status-publish","hentry"],"yoast_head":"<!-- This site is optimized with the Yoast SEO plugin v23.4 - https:\/\/yoast.com\/wordpress\/plugins\/seo\/ -->\n<title>Estudios y proyectos geot\u00e9cnicos - Direcciones de obra<\/title>\n<meta name=\"description\" content=\"Ofrecemos servicios completos en estudios y direcci\u00f3n de obra geot\u00e9cnica. Calidad, precisi\u00f3n y compromiso en cada proyecto\" \/>\n<meta name=\"robots\" content=\"index, follow, max-snippet:-1, max-image-preview:large, max-video-preview:-1\" \/>\n<link rel=\"canonical\" href=\"https:\/\/arsgeotecnica.com\/es\/servicios\/\" \/>\n<meta property=\"og:locale\" content=\"es_ES\" \/>\n<meta property=\"og:type\" content=\"article\" \/>\n<meta property=\"og:title\" content=\"Estudios y proyectos geot\u00e9cnicos - Direcciones de obra\" \/>\n<meta property=\"og:description\" content=\"Ofrecemos servicios completos en estudios y direcci\u00f3n de obra geot\u00e9cnica. Calidad, precisi\u00f3n y compromiso en cada proyecto\" \/>\n<meta property=\"og:url\" content=\"https:\/\/arsgeotecnica.com\/es\/servicios\/\" \/>\n<meta property=\"og:site_name\" content=\"Ars Geotecnica\" \/>\n<meta property=\"article:modified_time\" content=\"2024-06-28T13:36:53+00:00\" \/>\n<meta property=\"og:image\" content=\"https:\/\/arsgeotecnica.com\/wp-content\/uploads\/2024\/05\/Imatge-servei-1.jpg\" \/>\n<meta name=\"twitter:card\" content=\"summary_large_image\" \/>\n<meta name=\"twitter:label1\" content=\"Est. reading time\" \/>\n\t<meta name=\"twitter:data1\" content=\"1 minute\" \/>\n<script type=\"application\/ld+json\" class=\"yoast-schema-graph\">{\"@context\":\"https:\/\/schema.org\",\"@graph\":[{\"@type\":\"WebPage\",\"@id\":\"https:\/\/arsgeotecnica.com\/es\/servicios\/\",\"url\":\"https:\/\/arsgeotecnica.com\/es\/servicios\/\",\"name\":\"Estudios y proyectos geot\u00e9cnicos - Direcciones de obra\",\"isPartOf\":{\"@id\":\"https:\/\/arsgeotecnica.com\/#website\"},\"primaryImageOfPage\":{\"@id\":\"https:\/\/arsgeotecnica.com\/es\/servicios\/#primaryimage\"},\"image\":{\"@id\":\"https:\/\/arsgeotecnica.com\/es\/servicios\/#primaryimage\"},\"thumbnailUrl\":\"https:\/\/arsgeotecnica.com\/wp-content\/uploads\/2024\/05\/Imatge-servei-1.jpg\",\"datePublished\":\"2020-11-12T02:54:48+00:00\",\"dateModified\":\"2024-06-28T13:36:53+00:00\",\"description\":\"Ofrecemos servicios completos en estudios y direcci\u00f3n de obra geot\u00e9cnica. Calidad, precisi\u00f3n y compromiso en cada proyecto\",\"breadcrumb\":{\"@id\":\"https:\/\/arsgeotecnica.com\/es\/servicios\/#breadcrumb\"},\"inLanguage\":\"es-ES\",\"potentialAction\":[{\"@type\":\"ReadAction\",\"target\":[\"https:\/\/arsgeotecnica.com\/es\/servicios\/\"]}]},{\"@type\":\"ImageObject\",\"inLanguage\":\"es-ES\",\"@id\":\"https:\/\/arsgeotecnica.com\/es\/servicios\/#primaryimage\",\"url\":\"https:\/\/arsgeotecnica.com\/wp-content\/uploads\/2024\/05\/Imatge-servei-1.jpg\",\"contentUrl\":\"https:\/\/arsgeotecnica.com\/wp-content\/uploads\/2024\/05\/Imatge-servei-1.jpg\"},{\"@type\":\"BreadcrumbList\",\"@id\":\"https:\/\/arsgeotecnica.com\/es\/servicios\/#breadcrumb\",\"itemListElement\":[{\"@type\":\"ListItem\",\"position\":1,\"name\":\"Inici\",\"item\":\"https:\/\/arsgeotecnica.com\/es\/\"},{\"@type\":\"ListItem\",\"position\":2,\"name\":\"Servicios\"}]},{\"@type\":\"WebSite\",\"@id\":\"https:\/\/arsgeotecnica.com\/#website\",\"url\":\"https:\/\/arsgeotecnica.com\/\",\"name\":\"Ars Geotecnica\",\"description\":\"Observem i treballem la terra per que et sentis segur\",\"publisher\":{\"@id\":\"https:\/\/arsgeotecnica.com\/#organization\"},\"potentialAction\":[{\"@type\":\"SearchAction\",\"target\":{\"@type\":\"EntryPoint\",\"urlTemplate\":\"https:\/\/arsgeotecnica.com\/?s={search_term_string}\"},\"query-input\":{\"@type\":\"PropertyValueSpecification\",\"valueRequired\":true,\"valueName\":\"search_term_string\"}}],\"inLanguage\":\"es-ES\"},{\"@type\":\"Organization\",\"@id\":\"https:\/\/arsgeotecnica.com\/#organization\",\"name\":\"Ars Geotecnica\",\"url\":\"https:\/\/arsgeotecnica.com\/\",\"logo\":{\"@type\":\"ImageObject\",\"inLanguage\":\"es-ES\",\"@id\":\"https:\/\/arsgeotecnica.com\/#\/schema\/logo\/image\/\",\"url\":\"https:\/\/arsgeotecnica.com\/wp-content\/uploads\/2024\/05\/logo-v2.png\",\"contentUrl\":\"https:\/\/arsgeotecnica.com\/wp-content\/uploads\/2024\/05\/logo-v2.png\",\"width\":299,\"height\":134,\"caption\":\"Ars Geotecnica\"},\"image\":{\"@id\":\"https:\/\/arsgeotecnica.com\/#\/schema\/logo\/image\/\"}}]}<\/script>\n<!-- \/ Yoast SEO plugin. -->","yoast_head_json":{"title":"Estudios y proyectos geot\u00e9cnicos - Direcciones de obra","description":"Ofrecemos servicios completos en estudios y direcci\u00f3n de obra geot\u00e9cnica. Calidad, precisi\u00f3n y compromiso en cada proyecto","robots":{"index":"index","follow":"follow","max-snippet":"max-snippet:-1","max-image-preview":"max-image-preview:large","max-video-preview":"max-video-preview:-1"},"canonical":"https:\/\/arsgeotecnica.com\/es\/servicios\/","og_locale":"es_ES","og_type":"article","og_title":"Estudios y proyectos geot\u00e9cnicos - Direcciones de obra","og_description":"Ofrecemos servicios completos en estudios y direcci\u00f3n de obra geot\u00e9cnica. Calidad, precisi\u00f3n y compromiso en cada proyecto","og_url":"https:\/\/arsgeotecnica.com\/es\/servicios\/","og_site_name":"Ars Geotecnica","article_modified_time":"2024-06-28T13:36:53+00:00","og_image":[{"url":"https:\/\/arsgeotecnica.com\/wp-content\/uploads\/2024\/05\/Imatge-servei-1.jpg"}],"twitter_card":"summary_large_image","twitter_misc":{"Est. reading time":"1 minute"},"schema":{"@context":"https:\/\/schema.org","@graph":[{"@type":"WebPage","@id":"https:\/\/arsgeotecnica.com\/es\/servicios\/","url":"https:\/\/arsgeotecnica.com\/es\/servicios\/","name":"Estudios y proyectos geot\u00e9cnicos - Direcciones de obra","isPartOf":{"@id":"https:\/\/arsgeotecnica.com\/#website"},"primaryImageOfPage":{"@id":"https:\/\/arsgeotecnica.com\/es\/servicios\/#primaryimage"},"image":{"@id":"https:\/\/arsgeotecnica.com\/es\/servicios\/#primaryimage"},"thumbnailUrl":"https:\/\/arsgeotecnica.com\/wp-content\/uploads\/2024\/05\/Imatge-servei-1.jpg","datePublished":"2020-11-12T02:54:48+00:00","dateModified":"2024-06-28T13:36:53+00:00","description":"Ofrecemos servicios completos en estudios y direcci\u00f3n de obra geot\u00e9cnica. Calidad, precisi\u00f3n y compromiso en cada proyecto","breadcrumb":{"@id":"https:\/\/arsgeotecnica.com\/es\/servicios\/#breadcrumb"},"inLanguage":"es-ES","potentialAction":[{"@type":"ReadAction","target":["https:\/\/arsgeotecnica.com\/es\/servicios\/"]}]},{"@type":"ImageObject","inLanguage":"es-ES","@id":"https:\/\/arsgeotecnica.com\/es\/servicios\/#primaryimage","url":"https:\/\/arsgeotecnica.com\/wp-content\/uploads\/2024\/05\/Imatge-servei-1.jpg","contentUrl":"https:\/\/arsgeotecnica.com\/wp-content\/uploads\/2024\/05\/Imatge-servei-1.jpg"},{"@type":"BreadcrumbList","@id":"https:\/\/arsgeotecnica.com\/es\/servicios\/#breadcrumb","itemListElement":[{"@type":"ListItem","position":1,"name":"Inici","item":"https:\/\/arsgeotecnica.com\/es\/"},{"@type":"ListItem","position":2,"name":"Servicios"}]},{"@type":"WebSite","@id":"https:\/\/arsgeotecnica.com\/#website","url":"https:\/\/arsgeotecnica.com\/","name":"Ars Geotecnica","description":"Observem i treballem la terra per que et sentis segur","publisher":{"@id":"https:\/\/arsgeotecnica.com\/#organization"},"potentialAction":[{"@type":"SearchAction","target":{"@type":"EntryPoint","urlTemplate":"https:\/\/arsgeotecnica.com\/?s={search_term_string}"},"query-input":{"@type":"PropertyValueSpecification","valueRequired":true,"valueName":"search_term_string"}}],"inLanguage":"es-ES"},{"@type":"Organization","@id":"https:\/\/arsgeotecnica.com\/#organization","name":"Ars Geotecnica","url":"https:\/\/arsgeotecnica.com\/","logo":{"@type":"ImageObject","inLanguage":"es-ES","@id":"https:\/\/arsgeotecnica.com\/#\/schema\/logo\/image\/","url":"https:\/\/arsgeotecnica.com\/wp-content\/uploads\/2024\/05\/logo-v2.png","contentUrl":"https:\/\/arsgeotecnica.com\/wp-content\/uploads\/2024\/05\/logo-v2.png","width":299,"height":134,"caption":"Ars Geotecnica"},"image":{"@id":"https:\/\/arsgeotecnica.com\/#\/schema\/logo\/image\/"}}]}},"_links":{"self":[{"href":"https:\/\/arsgeotecnica.com\/es\/wp-json\/wp\/v2\/pages\/12849"}],"collection":[{"href":"https:\/\/arsgeotecnica.com\/es\/wp-json\/wp\/v2\/pages"}],"about":[{"href":"https:\/\/arsgeotecnica.com\/es\/wp-json\/wp\/v2\/types\/page"}],"author":[{"embeddable":true,"href":"https:\/\/arsgeotecnica.com\/es\/wp-json\/wp\/v2\/users\/1"}],"replies":[{"embeddable":true,"href":"https:\/\/arsgeotecnica.com\/es\/wp-json\/wp\/v2\/comments?post=12849"}],"version-history":[{"count":7,"href":"https:\/\/arsgeotecnica.com\/es\/wp-json\/wp\/v2\/pages\/12849\/revisions"}],"predecessor-version":[{"id":13394,"href":"https:\/\/arsgeotecnica.com\/es\/wp-json\/wp\/v2\/pages\/12849\/revisions\/13394"}],"wp:attachment":[{"href":"https:\/\/arsgeotecnica.com\/es\/wp-json\/wp\/v2\/media?parent=12849"}],"curies":[{"name":"wp","href":"https:\/\/api.w.org\/{rel}","templated":true}]}}