{"id":12843,"date":"2020-11-13T02:24:36","date_gmt":"2020-11-13T01:24:36","guid":{"rendered":"https:\/\/arsgeotecnica.com\/?page_id=12843"},"modified":"2024-06-28T16:07:56","modified_gmt":"2024-06-28T14:07:56","slug":"quienes-somos","status":"publish","type":"page","link":"https:\/\/arsgeotecnica.com\/es\/quienes-somos\/","title":{"rendered":"Quienes somos"},"content":{"rendered":"\t\t<div data-elementor-type=\"wp-page\" data-elementor-id=\"12843\" class=\"elementor elementor-12843 elementor-3466\">\n\t\t\t\t\t\t<section class=\"elementor-section elementor-top-section elementor-element elementor-element-ccb4f2c elementor-section-boxed elementor-section-height-default elementor-section-height-default\" data-id=\"ccb4f2c\" data-element_type=\"section\">\n\t\t\t\t\t\t<div class=\"elementor-container elementor-column-gap-default\">\n\t\t\t\t\t<div class=\"elementor-column elementor-col-50 elementor-top-column elementor-element elementor-element-cc3d6a0\" data-id=\"cc3d6a0\" data-element_type=\"column\">\n\t\t\t<div class=\"elementor-widget-wrap elementor-element-populated\">\n\t\t\t\t\t\t<div class=\"elementor-element elementor-element-29bd98e elementor-widget elementor-widget-heading\" data-id=\"29bd98e\" data-element_type=\"widget\" data-widget_type=\"heading.default\">\n\t\t\t\t<div class=\"elementor-widget-container\">\n\t\t\t<h1 class=\"elementor-heading-title elementor-size-default\">ARS GEOT\u00c8CNICA<\/h1>\t\t<\/div>\n\t\t\t\t<\/div>\n\t\t\t\t<div class=\"elementor-element elementor-element-b4a09c8 poket-star-rating--align-center elementor-widget elementor-widget-witr_section_title\" data-id=\"b4a09c8\" data-element_type=\"widget\" data-widget_type=\"witr_section_title.default\">\n\t\t\t\t<div class=\"elementor-widget-container\">\n\t\t\t\t\t\t\t\t<!-- title left -->\n\t\t\t\t\t<div class=\"witr_section_title\">\n\t\t\t\t\t\t<div class=\"witr_section_title_inner text-left\">\n\t\t\t\t\t\t\n\t\t\t\t\t\t\t<!-- icon position -->\n\t\t\t\t\t\t\t\t\n\t\t\t\t\t\t\t<!-- end icon position -->\n\t\t\t\t\t\t\n\t\t\t\t\t\t\n\t\t\t\t\t\t\t<!-- title top -->\n\t\t\t\t\t\t\t\n\t\t\t\t\t\t\t<!-- icon position -->\n\t\t\t\t\t\t\t\t\t\t\t\t\t\t\n\t\t\t\t\t\t\t<!-- image -->\n\t\t\t\t\t\t\t\t\t\t\t\t\t\t<!-- icon -->\n\t\t\t\t\t\t\t\t\t\t\t\t\t\t\n\t\t\t\t\t\t\t<!-- bar -->\n\t\t\t\t\t\t\t\t\t\t\t\t\t\t<!-- circle bar -->\n\t\t\t\t\t\t\t\t\t\t\t\t\t\t\n\t\t\t\t\t\t\t\t\n\t\t\t\t\t\t\t<!-- end icon position -->\n\n\t\t\t\t\t\t\t\n\t\t\t\t\t\t\t<!-- title middle -->\n\t\t\t\t\t\t\t\t\t\t\t\t\t\t<!-- title bottom -->\n\t\t\t\t\t\t\t\t\t\t\t\t\t\t\n\t\t\t\t\t\t\t<!-- icon position -->\n\t\t\t\t\t\t\t\t\n\t\t\t\t\t\t\t<!-- end icon position -->\n\n\t\t\t\t\t\t\t<!-- content -->\n\t\t\t\t\t\t\t\t\t\t\t\t\t\t\t<p>Desde su establecimiento en enero de 2005, ARS GEOT\u00c8CNICA ha estado comprometida con abordar las necesidades surgidas del r\u00e1pido crecimiento urban\u00edstico y de infraestructuras en nuestro pa\u00eds. Nos dedicamos a proporcionar servicios tanto para proyectos de nueva construcci\u00f3n como para la conservaci\u00f3n de edificaciones e infraestructuras ya existentes.<br><br>\n\nDurante estos 20 a\u00f1os de trayectoria, hemos expandido nuestra presencia m\u00e1s all\u00e1 de Catalu\u00f1a, llegando a intervenir en proyectos en diversas regiones de Espa\u00f1a y pa\u00edses vecinos, como las Islas Baleares, Valencia, Arag\u00f3n, Castilla y Madrid, adem\u00e1s de ampliar nuestra actividad internacional en lugares como Portugal y T\u00fanez.<br><br>\n\nEn ARS GEOT\u00c8CNICA, nuestra filosof\u00eda se centra en brindar servicios adaptados a las necesidades espec\u00edficas de nuestros clientes, sin importar la ubicaci\u00f3n geogr\u00e1fica. Estamos comprometidos a ofrecer soluciones t\u00e9cnicas y profesionales donde sea que se nos requiera. <\/p>\t\t\n\t\t\t\t\t\t\t\t\t\t\t\t\t<\/div>\n\t\t\t\t\t\t\t<!-- inner title -->\n\t\t\t\t\t\t\t\t\t\t\t\t\t\n\t\t\t\t\t<\/div>\t\t\t\t\n\t\t\t\t\t\t<\/div>\n\t\t\t\t<\/div>\n\t\t\t\t\t<\/div>\n\t\t<\/div>\n\t\t\t\t<div class=\"elementor-column elementor-col-50 elementor-top-column elementor-element elementor-element-0985bfe\" data-id=\"0985bfe\" data-element_type=\"column\">\n\t\t\t<div class=\"elementor-widget-wrap elementor-element-populated\">\n\t\t\t\t\t\t<div class=\"elementor-element elementor-element-c41c357 elementor-widget elementor-widget-image\" data-id=\"c41c357\" data-element_type=\"widget\" data-widget_type=\"image.default\">\n\t\t\t\t<div class=\"elementor-widget-container\">\n\t\t\t\t\t\t\t\t\t\t\t\t\t<img fetchpriority=\"high\" decoding=\"async\" width=\"2312\" height=\"1734\" src=\"https:\/\/arsgeotecnica.com\/wp-content\/uploads\/2024\/05\/porta-despatx.jpg\" class=\"attachment-full size-full wp-image-12517\" alt=\"\" srcset=\"https:\/\/arsgeotecnica.com\/wp-content\/uploads\/2024\/05\/porta-despatx.jpg 2312w, https:\/\/arsgeotecnica.com\/wp-content\/uploads\/2024\/05\/porta-despatx-300x225.jpg 300w, https:\/\/arsgeotecnica.com\/wp-content\/uploads\/2024\/05\/porta-despatx-1024x768.jpg 1024w, https:\/\/arsgeotecnica.com\/wp-content\/uploads\/2024\/05\/porta-despatx-768x576.jpg 768w, https:\/\/arsgeotecnica.com\/wp-content\/uploads\/2024\/05\/porta-despatx-1536x1152.jpg 1536w, https:\/\/arsgeotecnica.com\/wp-content\/uploads\/2024\/05\/porta-despatx-2048x1536.jpg 2048w\" sizes=\"(max-width: 2312px) 100vw, 2312px\" \/>\t\t\t\t\t\t\t\t\t\t\t\t\t<\/div>\n\t\t\t\t<\/div>\n\t\t\t\t\t<\/div>\n\t\t<\/div>\n\t\t\t\t\t<\/div>\n\t\t<\/section>\n\t\t\t\t<section class=\"elementor-section elementor-top-section elementor-element elementor-element-6ebd37e elementor-section-boxed elementor-section-height-default elementor-section-height-default\" data-id=\"6ebd37e\" data-element_type=\"section\">\n\t\t\t\t\t\t<div class=\"elementor-container elementor-column-gap-default\">\n\t\t\t\t\t<div class=\"elementor-column elementor-col-100 elementor-top-column elementor-element elementor-element-48076a9\" data-id=\"48076a9\" data-element_type=\"column\">\n\t\t\t<div class=\"elementor-widget-wrap elementor-element-populated\">\n\t\t\t\t\t\t<div class=\"elementor-element elementor-element-55f2e9c elementor-widget elementor-widget-image\" data-id=\"55f2e9c\" data-element_type=\"widget\" data-widget_type=\"image.default\">\n\t\t\t\t<div class=\"elementor-widget-container\">\n\t\t\t\t\t\t\t\t\t\t\t\t\t<img decoding=\"async\" width=\"1499\" height=\"966\" src=\"https:\/\/arsgeotecnica.com\/wp-content\/uploads\/2024\/05\/Cartografia.jpg\" class=\"attachment-full size-full wp-image-12519\" alt=\"\" srcset=\"https:\/\/arsgeotecnica.com\/wp-content\/uploads\/2024\/05\/Cartografia.jpg 1499w, https:\/\/arsgeotecnica.com\/wp-content\/uploads\/2024\/05\/Cartografia-300x193.jpg 300w, https:\/\/arsgeotecnica.com\/wp-content\/uploads\/2024\/05\/Cartografia-1024x660.jpg 1024w, https:\/\/arsgeotecnica.com\/wp-content\/uploads\/2024\/05\/Cartografia-768x495.jpg 768w, https:\/\/arsgeotecnica.com\/wp-content\/uploads\/2024\/05\/Cartografia-390x250.jpg 390w\" sizes=\"(max-width: 1499px) 100vw, 1499px\" \/>\t\t\t\t\t\t\t\t\t\t\t\t\t<\/div>\n\t\t\t\t<\/div>\n\t\t\t\t\t<\/div>\n\t\t<\/div>\n\t\t\t\t\t<\/div>\n\t\t<\/section>\n\t\t\t\t<\/div>\n\t\t","protected":false},"excerpt":{"rendered":"<p>ARS GEOT\u00c8CNICA Desde su establecimiento en enero de 2005, ARS GEOT\u00c8CNICA ha estado comprometida con abordar las necesidades surgidas del r\u00e1pido crecimiento urban\u00edstico y de infraestructuras en nuestro pa\u00eds. Nos dedicamos a proporcionar servicios tanto para proyectos de nueva construcci\u00f3n como para la conservaci\u00f3n de edificaciones e infraestructuras ya existentes. Durante estos 20 a\u00f1os de [&hellip;]<\/p>\n","protected":false},"author":1,"featured_media":0,"parent":0,"menu_order":0,"comment_status":"closed","ping_status":"closed","template":"template-home.php","meta":{"footnotes":""},"class_list":["post-12843","page","type-page","status-publish","hentry"],"yoast_head":"<!-- This site is optimized with the Yoast SEO plugin v23.4 - https:\/\/yoast.com\/wordpress\/plugins\/seo\/ -->\n<title>Expertos en Geotecnia - Ars Geot\u00e9cnica s.l.<\/title>\n<meta name=\"description\" content=\"Conozca a nuestro equipo de especialistas en servicios geot\u00e9cnicos. Comprometidos con la calidad, innovaci\u00f3n y satisfacci\u00f3n del cliente\" \/>\n<meta name=\"robots\" content=\"index, follow, max-snippet:-1, max-image-preview:large, max-video-preview:-1\" \/>\n<link rel=\"canonical\" href=\"https:\/\/arsgeotecnica.com\/es\/quienes-somos\/\" \/>\n<meta property=\"og:locale\" content=\"es_ES\" \/>\n<meta property=\"og:type\" content=\"article\" \/>\n<meta property=\"og:title\" content=\"Expertos en Geotecnia - Ars Geot\u00e9cnica s.l.\" \/>\n<meta property=\"og:description\" content=\"Conozca a nuestro equipo de especialistas en servicios geot\u00e9cnicos. Comprometidos con la calidad, innovaci\u00f3n y satisfacci\u00f3n del cliente\" \/>\n<meta property=\"og:url\" content=\"https:\/\/arsgeotecnica.com\/es\/quienes-somos\/\" \/>\n<meta property=\"og:site_name\" content=\"Ars Geotecnica\" \/>\n<meta property=\"article:modified_time\" content=\"2024-06-28T14:07:56+00:00\" \/>\n<meta property=\"og:image\" content=\"https:\/\/arsgeotecnica.com\/wp-content\/uploads\/2024\/05\/porta-despatx.jpg\" \/>\n<meta name=\"twitter:card\" content=\"summary_large_image\" \/>\n<meta name=\"twitter:label1\" content=\"Est. reading time\" \/>\n\t<meta name=\"twitter:data1\" content=\"2 minutes\" \/>\n<script type=\"application\/ld+json\" class=\"yoast-schema-graph\">{\"@context\":\"https:\/\/schema.org\",\"@graph\":[{\"@type\":\"WebPage\",\"@id\":\"https:\/\/arsgeotecnica.com\/es\/quienes-somos\/\",\"url\":\"https:\/\/arsgeotecnica.com\/es\/quienes-somos\/\",\"name\":\"Expertos en Geotecnia - Ars Geot\u00e9cnica s.l.\",\"isPartOf\":{\"@id\":\"https:\/\/arsgeotecnica.com\/#website\"},\"primaryImageOfPage\":{\"@id\":\"https:\/\/arsgeotecnica.com\/es\/quienes-somos\/#primaryimage\"},\"image\":{\"@id\":\"https:\/\/arsgeotecnica.com\/es\/quienes-somos\/#primaryimage\"},\"thumbnailUrl\":\"https:\/\/arsgeotecnica.com\/wp-content\/uploads\/2024\/05\/porta-despatx.jpg\",\"datePublished\":\"2020-11-13T01:24:36+00:00\",\"dateModified\":\"2024-06-28T14:07:56+00:00\",\"description\":\"Conozca a nuestro equipo de especialistas en servicios geot\u00e9cnicos. Comprometidos con la calidad, innovaci\u00f3n y satisfacci\u00f3n del cliente\",\"breadcrumb\":{\"@id\":\"https:\/\/arsgeotecnica.com\/es\/quienes-somos\/#breadcrumb\"},\"inLanguage\":\"es-ES\",\"potentialAction\":[{\"@type\":\"ReadAction\",\"target\":[\"https:\/\/arsgeotecnica.com\/es\/quienes-somos\/\"]}]},{\"@type\":\"ImageObject\",\"inLanguage\":\"es-ES\",\"@id\":\"https:\/\/arsgeotecnica.com\/es\/quienes-somos\/#primaryimage\",\"url\":\"https:\/\/arsgeotecnica.com\/wp-content\/uploads\/2024\/05\/porta-despatx.jpg\",\"contentUrl\":\"https:\/\/arsgeotecnica.com\/wp-content\/uploads\/2024\/05\/porta-despatx.jpg\"},{\"@type\":\"BreadcrumbList\",\"@id\":\"https:\/\/arsgeotecnica.com\/es\/quienes-somos\/#breadcrumb\",\"itemListElement\":[{\"@type\":\"ListItem\",\"position\":1,\"name\":\"Inici\",\"item\":\"https:\/\/arsgeotecnica.com\/es\/\"},{\"@type\":\"ListItem\",\"position\":2,\"name\":\"Quienes somos\"}]},{\"@type\":\"WebSite\",\"@id\":\"https:\/\/arsgeotecnica.com\/#website\",\"url\":\"https:\/\/arsgeotecnica.com\/\",\"name\":\"Ars Geotecnica\",\"description\":\"Observem i treballem la terra per que et sentis segur\",\"publisher\":{\"@id\":\"https:\/\/arsgeotecnica.com\/#organization\"},\"potentialAction\":[{\"@type\":\"SearchAction\",\"target\":{\"@type\":\"EntryPoint\",\"urlTemplate\":\"https:\/\/arsgeotecnica.com\/?s={search_term_string}\"},\"query-input\":{\"@type\":\"PropertyValueSpecification\",\"valueRequired\":true,\"valueName\":\"search_term_string\"}}],\"inLanguage\":\"es-ES\"},{\"@type\":\"Organization\",\"@id\":\"https:\/\/arsgeotecnica.com\/#organization\",\"name\":\"Ars Geotecnica\",\"url\":\"https:\/\/arsgeotecnica.com\/\",\"logo\":{\"@type\":\"ImageObject\",\"inLanguage\":\"es-ES\",\"@id\":\"https:\/\/arsgeotecnica.com\/#\/schema\/logo\/image\/\",\"url\":\"https:\/\/arsgeotecnica.com\/wp-content\/uploads\/2024\/05\/logo-v2.png\",\"contentUrl\":\"https:\/\/arsgeotecnica.com\/wp-content\/uploads\/2024\/05\/logo-v2.png\",\"width\":299,\"height\":134,\"caption\":\"Ars Geotecnica\"},\"image\":{\"@id\":\"https:\/\/arsgeotecnica.com\/#\/schema\/logo\/image\/\"}}]}<\/script>\n<!-- \/ Yoast SEO plugin. -->","yoast_head_json":{"title":"Expertos en Geotecnia - Ars Geot\u00e9cnica s.l.","description":"Conozca a nuestro equipo de especialistas en servicios geot\u00e9cnicos. Comprometidos con la calidad, innovaci\u00f3n y satisfacci\u00f3n del cliente","robots":{"index":"index","follow":"follow","max-snippet":"max-snippet:-1","max-image-preview":"max-image-preview:large","max-video-preview":"max-video-preview:-1"},"canonical":"https:\/\/arsgeotecnica.com\/es\/quienes-somos\/","og_locale":"es_ES","og_type":"article","og_title":"Expertos en Geotecnia - Ars Geot\u00e9cnica s.l.","og_description":"Conozca a nuestro equipo de especialistas en servicios geot\u00e9cnicos. Comprometidos con la calidad, innovaci\u00f3n y satisfacci\u00f3n del cliente","og_url":"https:\/\/arsgeotecnica.com\/es\/quienes-somos\/","og_site_name":"Ars Geotecnica","article_modified_time":"2024-06-28T14:07:56+00:00","og_image":[{"url":"https:\/\/arsgeotecnica.com\/wp-content\/uploads\/2024\/05\/porta-despatx.jpg"}],"twitter_card":"summary_large_image","twitter_misc":{"Est. reading time":"2 minutes"},"schema":{"@context":"https:\/\/schema.org","@graph":[{"@type":"WebPage","@id":"https:\/\/arsgeotecnica.com\/es\/quienes-somos\/","url":"https:\/\/arsgeotecnica.com\/es\/quienes-somos\/","name":"Expertos en Geotecnia - Ars Geot\u00e9cnica s.l.","isPartOf":{"@id":"https:\/\/arsgeotecnica.com\/#website"},"primaryImageOfPage":{"@id":"https:\/\/arsgeotecnica.com\/es\/quienes-somos\/#primaryimage"},"image":{"@id":"https:\/\/arsgeotecnica.com\/es\/quienes-somos\/#primaryimage"},"thumbnailUrl":"https:\/\/arsgeotecnica.com\/wp-content\/uploads\/2024\/05\/porta-despatx.jpg","datePublished":"2020-11-13T01:24:36+00:00","dateModified":"2024-06-28T14:07:56+00:00","description":"Conozca a nuestro equipo de especialistas en servicios geot\u00e9cnicos. Comprometidos con la calidad, innovaci\u00f3n y satisfacci\u00f3n del cliente","breadcrumb":{"@id":"https:\/\/arsgeotecnica.com\/es\/quienes-somos\/#breadcrumb"},"inLanguage":"es-ES","potentialAction":[{"@type":"ReadAction","target":["https:\/\/arsgeotecnica.com\/es\/quienes-somos\/"]}]},{"@type":"ImageObject","inLanguage":"es-ES","@id":"https:\/\/arsgeotecnica.com\/es\/quienes-somos\/#primaryimage","url":"https:\/\/arsgeotecnica.com\/wp-content\/uploads\/2024\/05\/porta-despatx.jpg","contentUrl":"https:\/\/arsgeotecnica.com\/wp-content\/uploads\/2024\/05\/porta-despatx.jpg"},{"@type":"BreadcrumbList","@id":"https:\/\/arsgeotecnica.com\/es\/quienes-somos\/#breadcrumb","itemListElement":[{"@type":"ListItem","position":1,"name":"Inici","item":"https:\/\/arsgeotecnica.com\/es\/"},{"@type":"ListItem","position":2,"name":"Quienes somos"}]},{"@type":"WebSite","@id":"https:\/\/arsgeotecnica.com\/#website","url":"https:\/\/arsgeotecnica.com\/","name":"Ars Geotecnica","description":"Observem i treballem la terra per que et sentis segur","publisher":{"@id":"https:\/\/arsgeotecnica.com\/#organization"},"potentialAction":[{"@type":"SearchAction","target":{"@type":"EntryPoint","urlTemplate":"https:\/\/arsgeotecnica.com\/?s={search_term_string}"},"query-input":{"@type":"PropertyValueSpecification","valueRequired":true,"valueName":"search_term_string"}}],"inLanguage":"es-ES"},{"@type":"Organization","@id":"https:\/\/arsgeotecnica.com\/#organization","name":"Ars Geotecnica","url":"https:\/\/arsgeotecnica.com\/","logo":{"@type":"ImageObject","inLanguage":"es-ES","@id":"https:\/\/arsgeotecnica.com\/#\/schema\/logo\/image\/","url":"https:\/\/arsgeotecnica.com\/wp-content\/uploads\/2024\/05\/logo-v2.png","contentUrl":"https:\/\/arsgeotecnica.com\/wp-content\/uploads\/2024\/05\/logo-v2.png","width":299,"height":134,"caption":"Ars Geotecnica"},"image":{"@id":"https:\/\/arsgeotecnica.com\/#\/schema\/logo\/image\/"}}]}},"_links":{"self":[{"href":"https:\/\/arsgeotecnica.com\/es\/wp-json\/wp\/v2\/pages\/12843"}],"collection":[{"href":"https:\/\/arsgeotecnica.com\/es\/wp-json\/wp\/v2\/pages"}],"about":[{"href":"https:\/\/arsgeotecnica.com\/es\/wp-json\/wp\/v2\/types\/page"}],"author":[{"embeddable":true,"href":"https:\/\/arsgeotecnica.com\/es\/wp-json\/wp\/v2\/users\/1"}],"replies":[{"embeddable":true,"href":"https:\/\/arsgeotecnica.com\/es\/wp-json\/wp\/v2\/comments?post=12843"}],"version-history":[{"count":8,"href":"https:\/\/arsgeotecnica.com\/es\/wp-json\/wp\/v2\/pages\/12843\/revisions"}],"predecessor-version":[{"id":13473,"href":"https:\/\/arsgeotecnica.com\/es\/wp-json\/wp\/v2\/pages\/12843\/revisions\/13473"}],"wp:attachment":[{"href":"https:\/\/arsgeotecnica.com\/es\/wp-json\/wp\/v2\/media?parent=12843"}],"curies":[{"name":"wp","href":"https:\/\/api.w.org\/{rel}","templated":true}]}}